{"id":432,"date":"2024-09-26T22:10:52","date_gmt":"2024-09-26T22:10:52","guid":{"rendered":"https:\/\/mdb.fiw.thws.de\/?page_id=432"},"modified":"2024-11-10T14:02:50","modified_gmt":"2024-11-10T14:02:50","slug":"impressum","status":"publish","type":"page","link":"https:\/\/mdb.fiw.thws.de\/?page_id=432","title":{"rendered":"Impressum"},"content":{"rendered":"\n<h1 class=\"wp-block-heading has-theme-palette-2-color has-text-color has-link-color has-larger-font-size wp-elements-1e40620bb70fd6b0a5945a70fe592bdf\">Impressum<\/h1>\n\n\n<style>.wp-block-kadence-advancedheading.kt-adv-heading432_9d24e7-bb, .wp-block-kadence-advancedheading.kt-adv-heading432_9d24e7-bb[data-kb-block=\"kb-adv-heading432_9d24e7-bb\"]{margin-top:0px;margin-bottom:0px;line-height:2;font-style:normal;}.wp-block-kadence-advancedheading.kt-adv-heading432_9d24e7-bb mark.kt-highlight, .wp-block-kadence-advancedheading.kt-adv-heading432_9d24e7-bb[data-kb-block=\"kb-adv-heading432_9d24e7-bb\"] mark.kt-highlight{font-style:normal;color:#f76a0c;-webkit-box-decoration-break:clone;box-decoration-break:clone;padding-top:0px;padding-right:0px;padding-bottom:0px;padding-left:0px;}.wp-block-kadence-advancedheading.kt-adv-heading432_9d24e7-bb img.kb-inline-image, .wp-block-kadence-advancedheading.kt-adv-heading432_9d24e7-bb[data-kb-block=\"kb-adv-heading432_9d24e7-bb\"] img.kb-inline-image{width:150px;vertical-align:baseline;}<\/style>\n<p class=\"kt-adv-heading432_9d24e7-bb wp-block-kadence-advancedheading has-theme-palette-2-color has-text-color\" data-kb-block=\"kb-adv-heading432_9d24e7-bb\">Herausgeber dieser Internetpr\u00e4senz ist die<br><strong>Technische Hochschule W\u00fcrzburg-Schweinfurt<\/strong><\/p>\n\n\n<style>.wp-block-kadence-advancedheading.kt-adv-heading432_19cb76-56, .wp-block-kadence-advancedheading.kt-adv-heading432_19cb76-56[data-kb-block=\"kb-adv-heading432_19cb76-56\"]{font-style:normal;}.wp-block-kadence-advancedheading.kt-adv-heading432_19cb76-56 mark.kt-highlight, .wp-block-kadence-advancedheading.kt-adv-heading432_19cb76-56[data-kb-block=\"kb-adv-heading432_19cb76-56\"] mark.kt-highlight{font-style:normal;color:#f76a0c;-webkit-box-decoration-break:clone;box-decoration-break:clone;padding-top:0px;padding-right:0px;padding-bottom:0px;padding-left:0px;}.wp-block-kadence-advancedheading.kt-adv-heading432_19cb76-56 img.kb-inline-image, .wp-block-kadence-advancedheading.kt-adv-heading432_19cb76-56[data-kb-block=\"kb-adv-heading432_19cb76-56\"] img.kb-inline-image{width:150px;vertical-align:baseline;}.wp-block-kadence-advancedheading.kt-adv-heading432_19cb76-56[data-kb-block=\"kb-adv-heading432_19cb76-56\"] a, .kt-adv-heading-link432_19cb76-56, .kt-adv-heading-link432_19cb76-56 .kt-adv-heading432_19cb76-56[data-kb-block=\"kb-adv-heading432_19cb76-56\"]{color:var(--global-palette3, #1A202C);}.wp-block-kadence-advancedheading.kt-adv-heading432_19cb76-56[data-kb-block=\"kb-adv-heading432_19cb76-56\"] a:hover, .kt-adv-heading-link432_19cb76-56:hover, .kt-adv-heading-link432_19cb76-56:hover .kt-adv-heading432_19cb76-56[data-kb-block=\"kb-adv-heading432_19cb76-56\"]{color:var(--global-palette1, #3182CE);}<\/style>\n<p class=\"kt-adv-heading432_19cb76-56 wp-block-kadence-advancedheading has-theme-palette-2-color has-text-color\" data-kb-block=\"kb-adv-heading432_19cb76-56\"><br>Fakult\u00e4t Informatik und Wirtschaftsinformatik<br>Sanderheinrichsleitenweg 20<br>97074 W\u00fcrzburg<br><br>weitere Informationen: <br><a href=\"https:\/\/fiw.thws.de\/service\/rechtliches\/impressum\/\">https:\/\/fiw.thws.de\/service\/rechtliches\/impressum\/<\/a><\/p>\n\n\n\n<h2 class=\"wp-block-heading has-large-font-size\">Bildmaterial<\/h2>\n\n\n\n<p class=\"has-theme-palette-2-color has-text-color has-link-color wp-elements-1dd73d06430e7acd409ccc0e1f530cc3\"><strong>Startseite:<br><\/strong>Header \u00a9colourbox<br>Digital Business studieren \u00a9Bausewein<br>Dein Weg durchs Studium \u00a9colourbox<br>Campus &amp; Leben \u00a9thws<br>Asiin Logo \u00a9asiin<\/p>\n\n\n\n<p class=\"has-theme-palette-2-color has-text-color has-link-color wp-elements-10d181354aa06f6bc3f7598e19be1330\"><strong>Campus &amp; Leben:<\/strong><br>Studieren in W\u00fcrzburg \u00a9colourbox<br>Nachtleben \u00a9colourbox<br>Kultur \u00a9colourbox<br>Attraktive Jobangebote \u00a9colourbox<br>Innenhof der THWS \u00a9Stefanie Scherbel<\/p>\n\n\n\n<p class=\"has-theme-palette-2-color has-text-color has-link-color wp-elements-0a966a96f0083b7f54c9c4c9b26b9ade\"><strong>Studieninteressierte:<\/strong><br>Header \u00a9colourbox<br>VR Treadmill \u00a9Bausewein<br>Campus &amp; Leben \u00a9thws<br>Bewerbung&nbsp;\u00a9Shutterstock<br>Blauer Code \u00a9colourbox<\/p>\n\n\n\n<p class=\"has-theme-palette-2-color has-text-color has-link-color wp-elements-af1a519ad0b88aba539b0a6252d1d2b6\"><strong>MDB im \u00dcberblick:<\/strong><br>MDB im \u00dcberblick (1. Bild) \u00a9thws<br>Digitalization loading \u00a9colourbox<br>Jetzt Bewerben \u00a9bausewein<\/p>\n\n\n\n<p class=\"has-theme-palette-2-color has-text-color has-link-color wp-elements-c29ff0f18528fcfeab126c7cec5e1260\"><strong>Studienaufbau:<\/strong><br>Header \u00a9colourbox<br>St\u00fchle im H\u00f6rsaal \u00a9colourbox<\/p>\n\n\n\n<p class=\"has-theme-palette-2-color has-text-color has-link-color wp-elements-46431b438583b8e0434ed2ca828ee56b\"><strong>Bewerbung:<\/strong><br>Mann &amp; Frau vor Laptop \u00a9colourbox<\/p>\n\n\n\n<p class=\"has-theme-palette-2-color has-text-color has-link-color wp-elements-1c3a735403175c49f1394e7dbdf13377\"><strong>Berufsfelder:<\/strong><br>Mann mit Schildm\u00fctze vor Laptop \u00a9bausewein<br>Kacheln\/Waben mit modernen Berufssparten \u00a9colourbox<\/p>\n\n\n\n<p class=\"has-theme-palette-2-color has-text-color has-link-color wp-elements-692dd1dc35cbdba37d9ba43f8e4e29dc\"><strong>Studien-und Pr\u00fcfungsordnung:<\/strong><br>Blauer Code \u00a9colourbox<\/p>\n\n\n\n<p class=\"has-theme-palette-2-color has-text-color has-link-color wp-elements-b86326a76df5c3f1eb52b40daad98429\"><strong>Modul\u00fcbersicht:<\/strong><br>Blaues Gehirn \u00a9colourbox<br>Mann mit Taschenrechner \u00a9colourbox<\/p>\n\n\n\n<p class=\"has-theme-palette-2-color has-text-color has-link-color wp-elements-b0c7921a2b689ef944679652e564abc6\"><strong>Standort und Labore:<\/strong><br>Header \u00a9colourbox<br>Zwei M\u00e4nner vor Bildschirm \u00a9colourbox<br><br><strong>Studierende:<\/strong><br>Innenhof der THWS \u00a9Stefanie Scherbel<br>Mann mit Taschenrechner \u00a9colourbox<br>St\u00fchle im H\u00f6rsaal \u00a9colourbox<\/p>\n\n\n\n<p class=\"has-theme-palette-2-color has-text-color has-link-color wp-elements-a12e7a25a4e107447763e95ef6713620\"><strong>Infos f\u00fcr Erstsemesterstudierende:<\/strong><br>Header \u00a9colourbox<br>Studierende in der THWS \u00a9bausewein<\/p>\n\n\n\n<p class=\"has-theme-palette-2-color has-text-color has-link-color wp-elements-65025898dcb7d5e094fe890939be4936\"><strong>Beratung und Service:<\/strong><br>Lachende Studierende \u00a9colourbox<br>Blaues Gehirn \u00a9colourbox<br>Innenhof der THWS \u00a9Stefanie Scherbel<br>Mann mit VR Headset \u00a9colourbox<\/p>\n\n\n\n<p class=\"has-theme-palette-2-color has-text-color has-link-color wp-elements-45d041eedb237fe2d570201827c4a1b4\"><strong>Informationen zum laufenden Semester:<\/strong><br>Header \u00a9colourbox<\/p>\n\n\n\n<p><\/p>\n","protected":false},"excerpt":{"rendered":"<p>Impressum Herausgeber dieser Internetpr\u00e4senz ist dieTechnische Hochschule W\u00fcrzburg-Schweinfurt Fakult\u00e4t Informatik und WirtschaftsinformatikSanderheinrichsleitenweg 2097074 W\u00fcrzburg weitere Informationen: https:\/\/fiw.thws.de\/service\/rechtliches\/impressum\/ Bildmaterial Startseite:Header \u00a9colourboxDigital Business studieren \u00a9BauseweinDein Weg durchs Studium \u00a9colourboxCampus &amp; Leben \u00a9thwsAsiin Logo \u00a9asiin Campus &amp; Leben:Studieren in W\u00fcrzburg \u00a9colourboxNachtleben \u00a9colourboxKultur \u00a9colourboxAttraktive Jobangebote \u00a9colourboxInnenhof der THWS \u00a9Stefanie Scherbel Studieninteressierte:Header \u00a9colourboxVR Treadmill \u00a9BauseweinCampus &amp; Leben \u00a9thwsBewerbung&nbsp;\u00a9ShutterstockBlauer Code \u00a9colourbox&#8230;<\/p>\n","protected":false},"author":1,"featured_media":0,"parent":0,"menu_order":0,"comment_status":"closed","ping_status":"closed","template":"","meta":{"_kad_post_transparent":"","_kad_post_title":"","_kad_post_layout":"","_kad_post_sidebar_id":"","_kad_post_content_style":"","_kad_post_vertical_padding":"","_kad_post_feature":"","_kad_post_feature_position":"","_kad_post_header":false,"_kad_post_footer":false,"_kad_post_classname":"","footnotes":""},"class_list":["post-432","page","type-page","status-publish","hentry"],"yoast_head":"<!-- This site is optimized with the Yoast SEO plugin v27.5 - https:\/\/yoast.com\/product\/yoast-seo-wordpress\/ -->\n<title>Impressum - Master Digital Business Systems<\/title>\n<meta name=\"robots\" content=\"noindex, follow\" \/>\n<meta property=\"og:locale\" content=\"de_DE\" \/>\n<meta property=\"og:type\" content=\"article\" \/>\n<meta property=\"og:title\" content=\"Impressum - Master Digital Business Systems\" \/>\n<meta property=\"og:description\" content=\"Impressum Herausgeber dieser Internetpr\u00e4senz ist dieTechnische Hochschule W\u00fcrzburg-Schweinfurt Fakult\u00e4t Informatik und WirtschaftsinformatikSanderheinrichsleitenweg 2097074 W\u00fcrzburg weitere Informationen: https:\/\/fiw.thws.de\/service\/rechtliches\/impressum\/ Bildmaterial Startseite:Header \u00a9colourboxDigital Business studieren \u00a9BauseweinDein Weg durchs Studium \u00a9colourboxCampus &amp; Leben \u00a9thwsAsiin Logo \u00a9asiin Campus &amp; Leben:Studieren in W\u00fcrzburg \u00a9colourboxNachtleben \u00a9colourboxKultur \u00a9colourboxAttraktive Jobangebote \u00a9colourboxInnenhof der THWS \u00a9Stefanie Scherbel Studieninteressierte:Header \u00a9colourboxVR Treadmill \u00a9BauseweinCampus &amp; Leben \u00a9thwsBewerbung&nbsp;\u00a9ShutterstockBlauer Code \u00a9colourbox...\" \/>\n<meta property=\"og:url\" content=\"https:\/\/mdb.fiw.thws.de\/?page_id=432\" \/>\n<meta property=\"og:site_name\" content=\"Master Digital Business Systems\" \/>\n<meta property=\"article:modified_time\" content=\"2024-11-10T14:02:50+00:00\" \/>\n<meta name=\"twitter:card\" content=\"summary_large_image\" \/>\n<meta name=\"twitter:label1\" content=\"Gesch\u00e4tzte Lesezeit\" \/>\n\t<meta name=\"twitter:data1\" content=\"2\u00a0Minuten\" \/>\n<script type=\"application\/ld+json\" class=\"yoast-schema-graph\">{\"@context\":\"https:\\\/\\\/schema.org\",\"@graph\":[{\"@type\":\"WebPage\",\"@id\":\"https:\\\/\\\/mdb.fiw.thws.de\\\/?page_id=432\",\"url\":\"https:\\\/\\\/mdb.fiw.thws.de\\\/?page_id=432\",\"name\":\"Impressum - Master Digital Business Systems\",\"isPartOf\":{\"@id\":\"https:\\\/\\\/mdb.fiw.thws.de\\\/#website\"},\"datePublished\":\"2024-09-26T22:10:52+00:00\",\"dateModified\":\"2024-11-10T14:02:50+00:00\",\"breadcrumb\":{\"@id\":\"https:\\\/\\\/mdb.fiw.thws.de\\\/?page_id=432#breadcrumb\"},\"inLanguage\":\"de\",\"potentialAction\":[{\"@type\":\"ReadAction\",\"target\":[\"https:\\\/\\\/mdb.fiw.thws.de\\\/?page_id=432\"]}]},{\"@type\":\"BreadcrumbList\",\"@id\":\"https:\\\/\\\/mdb.fiw.thws.de\\\/?page_id=432#breadcrumb\",\"itemListElement\":[{\"@type\":\"ListItem\",\"position\":1,\"name\":\"Startseite\",\"item\":\"https:\\\/\\\/mdb.fiw.thws.de\\\/\"},{\"@type\":\"ListItem\",\"position\":2,\"name\":\"Impressum\"}]},{\"@type\":\"WebSite\",\"@id\":\"https:\\\/\\\/mdb.fiw.thws.de\\\/#website\",\"url\":\"https:\\\/\\\/mdb.fiw.thws.de\\\/\",\"name\":\"Master Digital Business Systems\",\"description\":\"\",\"publisher\":{\"@id\":\"https:\\\/\\\/mdb.fiw.thws.de\\\/#organization\"},\"potentialAction\":[{\"@type\":\"SearchAction\",\"target\":{\"@type\":\"EntryPoint\",\"urlTemplate\":\"https:\\\/\\\/mdb.fiw.thws.de\\\/?s={search_term_string}\"},\"query-input\":{\"@type\":\"PropertyValueSpecification\",\"valueRequired\":true,\"valueName\":\"search_term_string\"}}],\"inLanguage\":\"de\"},{\"@type\":\"Organization\",\"@id\":\"https:\\\/\\\/mdb.fiw.thws.de\\\/#organization\",\"name\":\"THWS\",\"url\":\"https:\\\/\\\/mdb.fiw.thws.de\\\/\",\"logo\":{\"@type\":\"ImageObject\",\"inLanguage\":\"de\",\"@id\":\"https:\\\/\\\/mdb.fiw.thws.de\\\/#\\\/schema\\\/logo\\\/image\\\/\",\"url\":\"https:\\\/\\\/mdb.fiw.thws.de\\\/wp-content\\\/uploads\\\/2024\\\/08\\\/thws.png\",\"contentUrl\":\"https:\\\/\\\/mdb.fiw.thws.de\\\/wp-content\\\/uploads\\\/2024\\\/08\\\/thws.png\",\"width\":274,\"height\":91,\"caption\":\"THWS\"},\"image\":{\"@id\":\"https:\\\/\\\/mdb.fiw.thws.de\\\/#\\\/schema\\\/logo\\\/image\\\/\"}}]}<\/script>\n<!-- \/ Yoast SEO plugin. -->","yoast_head_json":{"title":"Impressum - Master Digital Business Systems","robots":{"index":"noindex","follow":"follow"},"og_locale":"de_DE","og_type":"article","og_title":"Impressum - Master Digital Business Systems","og_description":"Impressum Herausgeber dieser Internetpr\u00e4senz ist dieTechnische Hochschule W\u00fcrzburg-Schweinfurt Fakult\u00e4t Informatik und WirtschaftsinformatikSanderheinrichsleitenweg 2097074 W\u00fcrzburg weitere Informationen: https:\/\/fiw.thws.de\/service\/rechtliches\/impressum\/ Bildmaterial Startseite:Header \u00a9colourboxDigital Business studieren \u00a9BauseweinDein Weg durchs Studium \u00a9colourboxCampus &amp; Leben \u00a9thwsAsiin Logo \u00a9asiin Campus &amp; Leben:Studieren in W\u00fcrzburg \u00a9colourboxNachtleben \u00a9colourboxKultur \u00a9colourboxAttraktive Jobangebote \u00a9colourboxInnenhof der THWS \u00a9Stefanie Scherbel Studieninteressierte:Header \u00a9colourboxVR Treadmill \u00a9BauseweinCampus &amp; Leben \u00a9thwsBewerbung&nbsp;\u00a9ShutterstockBlauer Code \u00a9colourbox...","og_url":"https:\/\/mdb.fiw.thws.de\/?page_id=432","og_site_name":"Master Digital Business Systems","article_modified_time":"2024-11-10T14:02:50+00:00","twitter_card":"summary_large_image","twitter_misc":{"Gesch\u00e4tzte Lesezeit":"2\u00a0Minuten"},"schema":{"@context":"https:\/\/schema.org","@graph":[{"@type":"WebPage","@id":"https:\/\/mdb.fiw.thws.de\/?page_id=432","url":"https:\/\/mdb.fiw.thws.de\/?page_id=432","name":"Impressum - Master Digital Business Systems","isPartOf":{"@id":"https:\/\/mdb.fiw.thws.de\/#website"},"datePublished":"2024-09-26T22:10:52+00:00","dateModified":"2024-11-10T14:02:50+00:00","breadcrumb":{"@id":"https:\/\/mdb.fiw.thws.de\/?page_id=432#breadcrumb"},"inLanguage":"de","potentialAction":[{"@type":"ReadAction","target":["https:\/\/mdb.fiw.thws.de\/?page_id=432"]}]},{"@type":"BreadcrumbList","@id":"https:\/\/mdb.fiw.thws.de\/?page_id=432#breadcrumb","itemListElement":[{"@type":"ListItem","position":1,"name":"Startseite","item":"https:\/\/mdb.fiw.thws.de\/"},{"@type":"ListItem","position":2,"name":"Impressum"}]},{"@type":"WebSite","@id":"https:\/\/mdb.fiw.thws.de\/#website","url":"https:\/\/mdb.fiw.thws.de\/","name":"Master Digital Business Systems","description":"","publisher":{"@id":"https:\/\/mdb.fiw.thws.de\/#organization"},"potentialAction":[{"@type":"SearchAction","target":{"@type":"EntryPoint","urlTemplate":"https:\/\/mdb.fiw.thws.de\/?s={search_term_string}"},"query-input":{"@type":"PropertyValueSpecification","valueRequired":true,"valueName":"search_term_string"}}],"inLanguage":"de"},{"@type":"Organization","@id":"https:\/\/mdb.fiw.thws.de\/#organization","name":"THWS","url":"https:\/\/mdb.fiw.thws.de\/","logo":{"@type":"ImageObject","inLanguage":"de","@id":"https:\/\/mdb.fiw.thws.de\/#\/schema\/logo\/image\/","url":"https:\/\/mdb.fiw.thws.de\/wp-content\/uploads\/2024\/08\/thws.png","contentUrl":"https:\/\/mdb.fiw.thws.de\/wp-content\/uploads\/2024\/08\/thws.png","width":274,"height":91,"caption":"THWS"},"image":{"@id":"https:\/\/mdb.fiw.thws.de\/#\/schema\/logo\/image\/"}}]}},"_links":{"self":[{"href":"https:\/\/mdb.fiw.thws.de\/index.php?rest_route=\/wp\/v2\/pages\/432","targetHints":{"allow":["GET"]}}],"collection":[{"href":"https:\/\/mdb.fiw.thws.de\/index.php?rest_route=\/wp\/v2\/pages"}],"about":[{"href":"https:\/\/mdb.fiw.thws.de\/index.php?rest_route=\/wp\/v2\/types\/page"}],"author":[{"embeddable":true,"href":"https:\/\/mdb.fiw.thws.de\/index.php?rest_route=\/wp\/v2\/users\/1"}],"replies":[{"embeddable":true,"href":"https:\/\/mdb.fiw.thws.de\/index.php?rest_route=%2Fwp%2Fv2%2Fcomments&post=432"}],"version-history":[{"count":23,"href":"https:\/\/mdb.fiw.thws.de\/index.php?rest_route=\/wp\/v2\/pages\/432\/revisions"}],"predecessor-version":[{"id":1063,"href":"https:\/\/mdb.fiw.thws.de\/index.php?rest_route=\/wp\/v2\/pages\/432\/revisions\/1063"}],"wp:attachment":[{"href":"https:\/\/mdb.fiw.thws.de\/index.php?rest_route=%2Fwp%2Fv2%2Fmedia&parent=432"}],"curies":[{"name":"wp","href":"https:\/\/api.w.org\/{rel}","templated":true}]}}