{"id":94,"date":"2024-08-01T18:02:45","date_gmt":"2024-08-01T16:02:45","guid":{"rendered":"https:\/\/mdbthws.wordpress.com\/?page_id=94"},"modified":"2024-11-10T13:49:20","modified_gmt":"2024-11-10T13:49:20","slug":"berufsfelder","status":"publish","type":"page","link":"https:\/\/mdb.fiw.thws.de\/?page_id=94","title":{"rendered":"Berufsfelder"},"content":{"rendered":"<style>.kb-row-layout-id94_ead047-5c > .kt-row-column-wrap{align-content:start;}:where(.kb-row-layout-id94_ead047-5c > .kt-row-column-wrap) > .wp-block-kadence-column{justify-content:start;}.kb-row-layout-id94_ead047-5c > .kt-row-column-wrap{column-gap:var(--global-kb-gap-sm, 1rem);row-gap:var(--global-kb-gap-none, 0rem );max-width:var( --global-content-width, 1800px );padding-left:var(--global-content-edge-padding);padding-right:var(--global-content-edge-padding);padding-top:0px;padding-right:0px;padding-bottom:var(--global-kb-spacing-xs, 1rem);padding-left:0px;grid-template-columns:minmax(0, calc(60% - ((var(--global-kb-gap-sm, 1rem) * 1 )\/2)))minmax(0, calc(40% - ((var(--global-kb-gap-sm, 1rem) * 1 )\/2)));}.kb-row-layout-id94_ead047-5c > .kt-row-layout-overlay{opacity:0.30;}@media all and (max-width: 1024px){.kb-row-layout-id94_ead047-5c > .kt-row-column-wrap{grid-template-columns:repeat(2, minmax(0, 1fr));}}@media all and (max-width: 767px){.kb-row-layout-id94_ead047-5c > .kt-row-column-wrap{grid-template-columns:minmax(0, 1fr);}}<\/style><div class=\"kb-row-layout-wrap kb-row-layout-id94_ead047-5c alignnone wp-block-kadence-rowlayout\"><div class=\"kt-row-column-wrap kt-has-2-columns kt-row-layout-equal kt-tab-layout-inherit kt-mobile-layout-row kt-row-valign-top kt-inner-column-height-full kb-theme-content-width\">\n<style>.kadence-column94_ee674c-57 > .kt-inside-inner-col{padding-top:var(--global-kb-spacing-lg, 3rem);padding-right:var(--global-kb-spacing-lg, 3rem);padding-bottom:var(--global-kb-spacing-lg, 3rem);padding-left:var(--global-kb-spacing-lg, 3rem);}.kadence-column94_ee674c-57 > .kt-inside-inner-col,.kadence-column94_ee674c-57 > .kt-inside-inner-col:before{border-top-left-radius:0px;border-top-right-radius:0px;border-bottom-right-radius:0px;border-bottom-left-radius:0px;}.kadence-column94_ee674c-57 > .kt-inside-inner-col{column-gap:var(--global-kb-gap-sm, 1rem);}.kadence-column94_ee674c-57 > .kt-inside-inner-col{flex-direction:column;}.kadence-column94_ee674c-57 > .kt-inside-inner-col > .aligncenter{width:100%;}.kadence-column94_ee674c-57 > .kt-inside-inner-col{background-color:var(--global-palette1, #3182CE);}.kadence-column94_ee674c-57 > .kt-inside-inner-col:before{opacity:0.3;}.kadence-column94_ee674c-57{position:relative;}@media all and (max-width: 1024px){.kadence-column94_ee674c-57 > .kt-inside-inner-col{padding-top:var(--global-kb-spacing-lg, 3rem);padding-right:var(--global-kb-spacing-lg, 3rem);padding-bottom:var(--global-kb-spacing-lg, 3rem);padding-left:var(--global-kb-spacing-lg, 3rem);flex-direction:column;justify-content:center;}}@media all and (max-width: 767px){.kadence-column94_ee674c-57 > .kt-inside-inner-col{flex-direction:column;justify-content:center;}.kadence-column94_ee674c-57, .kt-inside-inner-col > .kadence-column94_ee674c-57:not(.specificity){margin-bottom:var(--global-kb-spacing-xs, 1rem);}}<\/style>\n<div class=\"wp-block-kadence-column kadence-column94_ee674c-57\"><div class=\"kt-inside-inner-col\">\n<h1 class=\"wp-block-heading has-theme-palette-5-color has-text-color has-link-color wp-elements-e4dd85db8b22495c86168d9f6f93f4a4\">Berufsfelder f\u00fcr Digitalisierungs\u00adexpertinnen und \u2013experten<\/h1>\n\n\n\n<p class=\"has-theme-palette-5-color has-text-color has-link-color wp-elements-b743f1c3532042ab798e9b7f08c15ae2\">Die Digitalisierung pr\u00e4gt unsere Gesellschaft, unsere Wirtschaft und unser t\u00e4gliches Leben. Sie ist der Motor des technologischen Fortschritts und erm\u00f6glicht neue Gesch\u00e4ftsmodelle, effizientere Prozesse sowie innovativen Austausch in allen Lebensbereichen.<\/p>\n<\/div><\/div>\n\n\n<style>.kadence-column94_a1bfac-85 > .kt-inside-inner-col{min-height:200px;}.kadence-column94_a1bfac-85 > .kt-inside-inner-col,.kadence-column94_a1bfac-85 > .kt-inside-inner-col:before{border-top-left-radius:0px;border-top-right-radius:0px;border-bottom-right-radius:0px;border-bottom-left-radius:0px;}.kadence-column94_a1bfac-85 > .kt-inside-inner-col{column-gap:var(--global-kb-gap-sm, 1rem);}.kadence-column94_a1bfac-85 > .kt-inside-inner-col{flex-direction:column;}.kadence-column94_a1bfac-85 > .kt-inside-inner-col > .aligncenter{width:100%;}.kadence-column94_a1bfac-85 > .kt-inside-inner-col{background-image:url('https:\/\/mdb.fiw.thws.de\/wp-content\/uploads\/2024\/10\/berufsfelder-digital-business-systems.jpg');background-size:cover;background-position:50% 20%;background-attachment:scroll;background-repeat:no-repeat;}.kadence-column94_a1bfac-85 > .kt-inside-inner-col:before{opacity:0.3;}.kadence-column94_a1bfac-85{position:relative;}@media all and (max-width: 1024px){.kadence-column94_a1bfac-85 > .kt-inside-inner-col{flex-direction:column;justify-content:center;}}@media all and (max-width: 767px){.kadence-column94_a1bfac-85 > .kt-inside-inner-col{flex-direction:column;justify-content:center;}}<\/style>\n<div class=\"wp-block-kadence-column kadence-column94_a1bfac-85 kb-section-dir-vertical\"><div class=\"kt-inside-inner-col\"><\/div><\/div>\n\n<\/div><\/div>\n\n<style>.kb-row-layout-id94_98445e-0c > .kt-row-column-wrap{align-content:start;}:where(.kb-row-layout-id94_98445e-0c > .kt-row-column-wrap) > .wp-block-kadence-column{justify-content:start;}.kb-row-layout-id94_98445e-0c > .kt-row-column-wrap{column-gap:var(--global-kb-gap-sm, 1rem);row-gap:var(--global-kb-gap-none, 0rem );max-width:var( --global-content-width, 1800px );padding-left:var(--global-content-edge-padding);padding-right:var(--global-content-edge-padding);padding-top:0px;padding-right:0px;padding-bottom:var(--global-kb-spacing-xs, 1rem);padding-left:0px;grid-template-columns:minmax(0, calc(35% - ((var(--global-kb-gap-sm, 1rem) * 1 )\/2)))minmax(0, calc(65% - ((var(--global-kb-gap-sm, 1rem) * 1 )\/2)));}.kb-row-layout-id94_98445e-0c > .kt-row-layout-overlay{opacity:0.30;}@media all and (max-width: 1024px){.kb-row-layout-id94_98445e-0c > .kt-row-column-wrap{grid-template-columns:repeat(2, minmax(0, 1fr));}}@media all and (max-width: 767px){.kb-row-layout-id94_98445e-0c > .kt-row-column-wrap{grid-template-columns:minmax(0, 1fr);}}<\/style><div class=\"kb-row-layout-wrap kb-row-layout-id94_98445e-0c alignnone wp-block-kadence-rowlayout\"><div class=\"kt-row-column-wrap kt-has-2-columns kt-row-layout-equal kt-tab-layout-inherit kt-mobile-layout-row kt-row-valign-top kt-inner-column-height-full kb-theme-content-width\">\n<style>.kadence-column94_afbab3-ed > .kt-inside-inner-col{min-height:200px;}.kadence-column94_afbab3-ed > .kt-inside-inner-col,.kadence-column94_afbab3-ed > .kt-inside-inner-col:before{border-top-left-radius:0px;border-top-right-radius:0px;border-bottom-right-radius:0px;border-bottom-left-radius:0px;}.kadence-column94_afbab3-ed > .kt-inside-inner-col{column-gap:var(--global-kb-gap-sm, 1rem);}.kadence-column94_afbab3-ed > .kt-inside-inner-col{flex-direction:column;}.kadence-column94_afbab3-ed > .kt-inside-inner-col > .aligncenter{width:100%;}.kadence-column94_afbab3-ed > .kt-inside-inner-col{background-image:url('https:\/\/mdb.fiw.thws.de\/wp-content\/uploads\/2024\/10\/berufe-digital-business-systems.jpg');background-size:cover;background-position:48% 31%;background-attachment:scroll;background-repeat:no-repeat;}.kadence-column94_afbab3-ed > .kt-inside-inner-col:before{opacity:0.3;}.kadence-column94_afbab3-ed{position:relative;}@media all and (max-width: 1024px){.kadence-column94_afbab3-ed > .kt-inside-inner-col{flex-direction:column;justify-content:center;}}@media all and (max-width: 767px){.kadence-column94_afbab3-ed > .kt-inside-inner-col{flex-direction:column;justify-content:center;}.kadence-column94_afbab3-ed, .kt-inside-inner-col > .kadence-column94_afbab3-ed:not(.specificity){margin-bottom:var(--global-kb-spacing-xs, 1rem);}}<\/style>\n<div class=\"wp-block-kadence-column kadence-column94_afbab3-ed kvs-sm-false kb-section-dir-vertical\"><div class=\"kt-inside-inner-col\"><\/div><\/div>\n\n\n<style>.kadence-column94_89afa7-19 > .kt-inside-inner-col{padding-top:var(--global-kb-spacing-lg, 3rem);padding-right:var(--global-kb-spacing-3xl, 6.5rem);padding-bottom:var(--global-kb-spacing-lg, 3rem);padding-left:var(--global-kb-spacing-lg, 3rem);}.kadence-column94_89afa7-19 > .kt-inside-inner-col,.kadence-column94_89afa7-19 > .kt-inside-inner-col:before{border-top-left-radius:0px;border-top-right-radius:0px;border-bottom-right-radius:0px;border-bottom-left-radius:0px;}.kadence-column94_89afa7-19 > .kt-inside-inner-col{column-gap:var(--global-kb-gap-sm, 1rem);}.kadence-column94_89afa7-19 > .kt-inside-inner-col{flex-direction:column;}.kadence-column94_89afa7-19 > .kt-inside-inner-col > .aligncenter{width:100%;}.kadence-column94_89afa7-19 > .kt-inside-inner-col{background-color:var(--global-palette5, #4A5568);}.kadence-column94_89afa7-19 > .kt-inside-inner-col:before{opacity:0.3;}.kadence-column94_89afa7-19{position:relative;}@media all and (max-width: 1024px){.kadence-column94_89afa7-19 > .kt-inside-inner-col{padding-top:var(--global-kb-spacing-lg, 3rem);padding-right:var(--global-kb-spacing-lg, 3rem);padding-bottom:var(--global-kb-spacing-lg, 3rem);padding-left:var(--global-kb-spacing-lg, 3rem);flex-direction:column;justify-content:center;}}@media all and (max-width: 767px){.kadence-column94_89afa7-19 > .kt-inside-inner-col{flex-direction:column;justify-content:center;}}<\/style>\n<div class=\"wp-block-kadence-column kadence-column94_89afa7-19\"><div class=\"kt-inside-inner-col\">\n<h2 class=\"wp-block-heading has-theme-palette-2-color has-text-color has-link-color wp-elements-441b6b98b72016ff63694502b67dfb70\">Genau DU wirst gebraucht! Nutze deine Chance und werde Digitalisierungsexpertin und \u2013experte!<\/h2>\n\n\n\n<p class=\"has-theme-palette-2-color has-text-color has-link-color wp-elements-56ae187f184371ffb1331c5889aea7a5\">Die Digitalisierung ist heute mehr als nur ein Trend \u2013 sie bildet die Grundlage f\u00fcr den Fortschritt unserer Gesellschaft und Wirtschaft. Sie transformiert nicht nur Unternehmen, sondern beeinflusst auch, wie wir miteinander kommunizieren, arbeiten und leben. Ein tiefes Verst\u00e4ndnis der Digitalisierung erm\u00f6glicht es, die Herausforderungen der modernen Welt zu bew\u00e4ltigen und Chancen zu erkennen. Der Masterstudiengang Digitalisierung bef\u00e4higt Studierende, die Zukunft aktiv zu gestalten, innovative L\u00f6sungen zu entwickeln und Verantwortung in einer zunehmend vernetzten Welt zu \u00fcbernehmen. Digitalisierung ist der Schl\u00fcssel zu nachhaltiger Entwicklung und einer wettbewerbsf\u00e4higen Wirtschaft.&nbsp;<\/p>\n\n\n\n<h3 class=\"wp-block-heading has-theme-palette-2-color has-text-color has-link-color wp-elements-efd270c03dae9ded80205072530c82eb\"><strong>Nahezu grenzenlose Berufsperspektiven<\/strong>&nbsp;<\/h3>\n\n\n\n<p class=\"has-theme-palette-2-color has-text-color has-link-color wp-elements-66c989d72b4b106781a893def19f863f\">Als Absolventinnen und Absolventen des Studiengangs erwarten euch spannende Berufsperspektiven in einer Vielzahl von Branchen. Ihr k\u00f6nnt beispielsweise als&nbsp;<strong>Digital Consultant<\/strong>&nbsp;in&nbsp;<strong>Unternehmensberatungen<\/strong>&nbsp;t\u00e4tig werden oder die&nbsp;<strong>digitale Transformation<\/strong>&nbsp;in der Industrie als&nbsp;<strong>Projektmanager<\/strong>&nbsp;vorantreiben. Dar\u00fcber hinaus bieten sich Chancen in der IT-Branche, etwa als&nbsp;<strong>Product Owner<\/strong>&nbsp;f\u00fcr digitale Produkte oder als&nbsp;<strong>Business Analyst<\/strong>, der Schnittstellen zwischen IT und Fachbereichen gestaltet. Auch im&nbsp;<strong>\u00f6ffentlichen Sektor<\/strong>&nbsp;sind Fachkr\u00e4fte gefragt, die&nbsp;<strong>digitale Verwaltungsprozesse<\/strong>&nbsp;entwickeln und umsetzen. Weitere Perspektiven ergeben sich im Bereich des&nbsp;<strong>digitalen Marketings<\/strong>, wo ihr als&nbsp;<strong>Data Analysts<\/strong>&nbsp;oder&nbsp;<strong>Digital Marketing Managers<\/strong>&nbsp;die strategische Ausrichtung von Unternehmen pr\u00e4gen k\u00f6nnt. Ebenso sind Positionen im Bereich&nbsp;<strong>Change Management<\/strong>&nbsp;oder&nbsp;<strong>Innovationsmanagement<\/strong>&nbsp;gefragt, wo ihr Unternehmen bei der Einf\u00fchrung neuer Technologien und bei der Weiterentwicklung der digitalen Unternehmenskultur unterst\u00fctzen. Im E-Commerce-Bereich k\u00f6nnt ihr als Digital Manager t\u00e4tig werden und&nbsp;<strong>digitale Verkaufsstrategien<\/strong>&nbsp;entwickeln, um den Online-Handel von Unternehmen zu optimieren.&nbsp;<\/p>\n\n\n\n<h3 class=\"wp-block-heading has-theme-palette-2-color has-text-color has-link-color wp-elements-e154e530ad2a4960503bbc1e4dbe6640\"><strong>Vielschichtige Forschungsperspektiven<\/strong>&nbsp;<\/h3>\n\n\n\n<p class=\"has-theme-palette-2-color has-text-color has-link-color wp-elements-f8ac24da92c36d0db9e71f3250b47e61\">Dar\u00fcber hinaus besteht auch die M\u00f6glichkeit f\u00fcr dich, eine&nbsp;<strong>wissenschaftliche Karriere<\/strong>&nbsp;einzuschlagen &#8211; etwa durch eine&nbsp;<strong>Promotion<\/strong>&nbsp;im Bereich Digitalisierung und durch Forschung an unserer Hochschule oder anderen Insitutionen, um die digitale Transformation aktiv weiterzuentwickeln.<\/p>\n<\/div><\/div>\n\n<\/div><\/div>","protected":false},"excerpt":{"rendered":"<p>Berufsfelder f\u00fcr Digitalisierungs\u00adexpertinnen und \u2013experten Die Digitalisierung pr\u00e4gt unsere Gesellschaft, unsere Wirtschaft und unser t\u00e4gliches Leben. Sie ist der Motor des technologischen Fortschritts und erm\u00f6glicht neue Gesch\u00e4ftsmodelle, effizientere Prozesse sowie innovativen Austausch in allen Lebensbereichen. Genau DU wirst gebraucht! Nutze deine Chance und werde Digitalisierungsexpertin und \u2013experte! Die Digitalisierung ist heute mehr als nur ein&#8230;<\/p>\n","protected":false},"author":1,"featured_media":0,"parent":0,"menu_order":0,"comment_status":"closed","ping_status":"closed","template":"","meta":{"_kad_post_transparent":"","_kad_post_title":"","_kad_post_layout":"","_kad_post_sidebar_id":"","_kad_post_content_style":"","_kad_post_vertical_padding":"","_kad_post_feature":"","_kad_post_feature_position":"","_kad_post_header":false,"_kad_post_footer":false,"_kad_post_classname":"","footnotes":""},"class_list":["post-94","page","type-page","status-publish","hentry"],"yoast_head":"<!-- This site is optimized with the Yoast SEO plugin v27.5 - https:\/\/yoast.com\/product\/yoast-seo-wordpress\/ -->\n<title>Berufsfelder - Master Digital Business Systems<\/title>\n<meta name=\"robots\" content=\"index, follow, max-snippet:-1, max-image-preview:large, max-video-preview:-1\" \/>\n<link rel=\"canonical\" href=\"https:\/\/mdb.fiw.thws.de\/?page_id=94\" \/>\n<meta property=\"og:locale\" content=\"de_DE\" \/>\n<meta property=\"og:type\" content=\"article\" \/>\n<meta property=\"og:title\" content=\"Berufsfelder - Master Digital Business Systems\" \/>\n<meta property=\"og:description\" content=\"Berufsfelder f\u00fcr Digitalisierungs\u00adexpertinnen und \u2013experten Die Digitalisierung pr\u00e4gt unsere Gesellschaft, unsere Wirtschaft und unser t\u00e4gliches Leben. Sie ist der Motor des technologischen Fortschritts und erm\u00f6glicht neue Gesch\u00e4ftsmodelle, effizientere Prozesse sowie innovativen Austausch in allen Lebensbereichen. Genau DU wirst gebraucht! Nutze deine Chance und werde Digitalisierungsexpertin und \u2013experte! Die Digitalisierung ist heute mehr als nur ein...\" \/>\n<meta property=\"og:url\" content=\"https:\/\/mdb.fiw.thws.de\/?page_id=94\" \/>\n<meta property=\"og:site_name\" content=\"Master Digital Business Systems\" \/>\n<meta property=\"article:modified_time\" content=\"2024-11-10T13:49:20+00:00\" \/>\n<meta name=\"twitter:card\" content=\"summary_large_image\" \/>\n<meta name=\"twitter:label1\" content=\"Gesch\u00e4tzte Lesezeit\" \/>\n\t<meta name=\"twitter:data1\" content=\"2\u00a0Minuten\" \/>\n<script type=\"application\/ld+json\" class=\"yoast-schema-graph\">{\"@context\":\"https:\\\/\\\/schema.org\",\"@graph\":[{\"@type\":\"WebPage\",\"@id\":\"https:\\\/\\\/mdb.fiw.thws.de\\\/?page_id=94\",\"url\":\"https:\\\/\\\/mdb.fiw.thws.de\\\/?page_id=94\",\"name\":\"Berufsfelder - Master Digital Business Systems\",\"isPartOf\":{\"@id\":\"https:\\\/\\\/mdb.fiw.thws.de\\\/#website\"},\"datePublished\":\"2024-08-01T16:02:45+00:00\",\"dateModified\":\"2024-11-10T13:49:20+00:00\",\"breadcrumb\":{\"@id\":\"https:\\\/\\\/mdb.fiw.thws.de\\\/?page_id=94#breadcrumb\"},\"inLanguage\":\"de\",\"potentialAction\":[{\"@type\":\"ReadAction\",\"target\":[\"https:\\\/\\\/mdb.fiw.thws.de\\\/?page_id=94\"]}]},{\"@type\":\"BreadcrumbList\",\"@id\":\"https:\\\/\\\/mdb.fiw.thws.de\\\/?page_id=94#breadcrumb\",\"itemListElement\":[{\"@type\":\"ListItem\",\"position\":1,\"name\":\"Startseite\",\"item\":\"https:\\\/\\\/mdb.fiw.thws.de\\\/\"},{\"@type\":\"ListItem\",\"position\":2,\"name\":\"Berufsfelder\"}]},{\"@type\":\"WebSite\",\"@id\":\"https:\\\/\\\/mdb.fiw.thws.de\\\/#website\",\"url\":\"https:\\\/\\\/mdb.fiw.thws.de\\\/\",\"name\":\"Master Digital Business Systems\",\"description\":\"\",\"publisher\":{\"@id\":\"https:\\\/\\\/mdb.fiw.thws.de\\\/#organization\"},\"potentialAction\":[{\"@type\":\"SearchAction\",\"target\":{\"@type\":\"EntryPoint\",\"urlTemplate\":\"https:\\\/\\\/mdb.fiw.thws.de\\\/?s={search_term_string}\"},\"query-input\":{\"@type\":\"PropertyValueSpecification\",\"valueRequired\":true,\"valueName\":\"search_term_string\"}}],\"inLanguage\":\"de\"},{\"@type\":\"Organization\",\"@id\":\"https:\\\/\\\/mdb.fiw.thws.de\\\/#organization\",\"name\":\"THWS\",\"url\":\"https:\\\/\\\/mdb.fiw.thws.de\\\/\",\"logo\":{\"@type\":\"ImageObject\",\"inLanguage\":\"de\",\"@id\":\"https:\\\/\\\/mdb.fiw.thws.de\\\/#\\\/schema\\\/logo\\\/image\\\/\",\"url\":\"https:\\\/\\\/mdb.fiw.thws.de\\\/wp-content\\\/uploads\\\/2024\\\/08\\\/thws.png\",\"contentUrl\":\"https:\\\/\\\/mdb.fiw.thws.de\\\/wp-content\\\/uploads\\\/2024\\\/08\\\/thws.png\",\"width\":274,\"height\":91,\"caption\":\"THWS\"},\"image\":{\"@id\":\"https:\\\/\\\/mdb.fiw.thws.de\\\/#\\\/schema\\\/logo\\\/image\\\/\"}}]}<\/script>\n<!-- \/ Yoast SEO plugin. -->","yoast_head_json":{"title":"Berufsfelder - Master Digital Business Systems","robots":{"index":"index","follow":"follow","max-snippet":"max-snippet:-1","max-image-preview":"max-image-preview:large","max-video-preview":"max-video-preview:-1"},"canonical":"https:\/\/mdb.fiw.thws.de\/?page_id=94","og_locale":"de_DE","og_type":"article","og_title":"Berufsfelder - Master Digital Business Systems","og_description":"Berufsfelder f\u00fcr Digitalisierungs\u00adexpertinnen und \u2013experten Die Digitalisierung pr\u00e4gt unsere Gesellschaft, unsere Wirtschaft und unser t\u00e4gliches Leben. Sie ist der Motor des technologischen Fortschritts und erm\u00f6glicht neue Gesch\u00e4ftsmodelle, effizientere Prozesse sowie innovativen Austausch in allen Lebensbereichen. Genau DU wirst gebraucht! Nutze deine Chance und werde Digitalisierungsexpertin und \u2013experte! Die Digitalisierung ist heute mehr als nur ein...","og_url":"https:\/\/mdb.fiw.thws.de\/?page_id=94","og_site_name":"Master Digital Business Systems","article_modified_time":"2024-11-10T13:49:20+00:00","twitter_card":"summary_large_image","twitter_misc":{"Gesch\u00e4tzte Lesezeit":"2\u00a0Minuten"},"schema":{"@context":"https:\/\/schema.org","@graph":[{"@type":"WebPage","@id":"https:\/\/mdb.fiw.thws.de\/?page_id=94","url":"https:\/\/mdb.fiw.thws.de\/?page_id=94","name":"Berufsfelder - Master Digital Business Systems","isPartOf":{"@id":"https:\/\/mdb.fiw.thws.de\/#website"},"datePublished":"2024-08-01T16:02:45+00:00","dateModified":"2024-11-10T13:49:20+00:00","breadcrumb":{"@id":"https:\/\/mdb.fiw.thws.de\/?page_id=94#breadcrumb"},"inLanguage":"de","potentialAction":[{"@type":"ReadAction","target":["https:\/\/mdb.fiw.thws.de\/?page_id=94"]}]},{"@type":"BreadcrumbList","@id":"https:\/\/mdb.fiw.thws.de\/?page_id=94#breadcrumb","itemListElement":[{"@type":"ListItem","position":1,"name":"Startseite","item":"https:\/\/mdb.fiw.thws.de\/"},{"@type":"ListItem","position":2,"name":"Berufsfelder"}]},{"@type":"WebSite","@id":"https:\/\/mdb.fiw.thws.de\/#website","url":"https:\/\/mdb.fiw.thws.de\/","name":"Master Digital Business Systems","description":"","publisher":{"@id":"https:\/\/mdb.fiw.thws.de\/#organization"},"potentialAction":[{"@type":"SearchAction","target":{"@type":"EntryPoint","urlTemplate":"https:\/\/mdb.fiw.thws.de\/?s={search_term_string}"},"query-input":{"@type":"PropertyValueSpecification","valueRequired":true,"valueName":"search_term_string"}}],"inLanguage":"de"},{"@type":"Organization","@id":"https:\/\/mdb.fiw.thws.de\/#organization","name":"THWS","url":"https:\/\/mdb.fiw.thws.de\/","logo":{"@type":"ImageObject","inLanguage":"de","@id":"https:\/\/mdb.fiw.thws.de\/#\/schema\/logo\/image\/","url":"https:\/\/mdb.fiw.thws.de\/wp-content\/uploads\/2024\/08\/thws.png","contentUrl":"https:\/\/mdb.fiw.thws.de\/wp-content\/uploads\/2024\/08\/thws.png","width":274,"height":91,"caption":"THWS"},"image":{"@id":"https:\/\/mdb.fiw.thws.de\/#\/schema\/logo\/image\/"}}]}},"_links":{"self":[{"href":"https:\/\/mdb.fiw.thws.de\/index.php?rest_route=\/wp\/v2\/pages\/94","targetHints":{"allow":["GET"]}}],"collection":[{"href":"https:\/\/mdb.fiw.thws.de\/index.php?rest_route=\/wp\/v2\/pages"}],"about":[{"href":"https:\/\/mdb.fiw.thws.de\/index.php?rest_route=\/wp\/v2\/types\/page"}],"author":[{"embeddable":true,"href":"https:\/\/mdb.fiw.thws.de\/index.php?rest_route=\/wp\/v2\/users\/1"}],"replies":[{"embeddable":true,"href":"https:\/\/mdb.fiw.thws.de\/index.php?rest_route=%2Fwp%2Fv2%2Fcomments&post=94"}],"version-history":[{"count":11,"href":"https:\/\/mdb.fiw.thws.de\/index.php?rest_route=\/wp\/v2\/pages\/94\/revisions"}],"predecessor-version":[{"id":1073,"href":"https:\/\/mdb.fiw.thws.de\/index.php?rest_route=\/wp\/v2\/pages\/94\/revisions\/1073"}],"wp:attachment":[{"href":"https:\/\/mdb.fiw.thws.de\/index.php?rest_route=%2Fwp%2Fv2%2Fmedia&parent=94"}],"curies":[{"name":"wp","href":"https:\/\/api.w.org\/{rel}","templated":true}]}}